{"id":2237,"date":"2025-01-07T16:00:50","date_gmt":"2025-01-07T16:00:50","guid":{"rendered":"https:\/\/blau-photo.com\/?page_id=2237"},"modified":"2025-01-07T16:41:51","modified_gmt":"2025-01-07T16:41:51","slug":"brigi-peti","status":"publish","type":"page","link":"https:\/\/blau-photo.com\/en\/brigi-peti\/","title":{"rendered":"Brigi &amp; Peti"},"content":{"rendered":"[et_pb_section fb_built=&#8221;1&#8243; custom_padding_last_edited=&#8221;off|phone&#8221; admin_label=&#8221;Header&#8221; _builder_version=&#8221;4.27.2&#8243; _module_preset=&#8221;9010641b-ad1e-44da-b8b5-3908f7960e0d&#8221; use_background_color_gradient=&#8221;on&#8221; background_color_gradient_stops=&#8221;rgba(45,45,45,0.6) 0%|rgba(45,45,45,0.85) 100%&#8221; background_color_gradient_overlays_image=&#8221;on&#8221; background_color_gradient_start=&#8221;rgba(45,45,45,0.6)&#8221; background_color_gradient_end=&#8221;rgba(45,45,45,0.85)&#8221; background_image=&#8221;https:\/\/blau-photo.com\/wp-content\/uploads\/2025\/01\/BrigiPeti-58.jpg&#8221; background_enable_image=&#8221;on&#8221; background_position=&#8221;top_center&#8221; background_vertical_offset=&#8221;48%&#8221; custom_padding=&#8221;10vw||10vw||true|false&#8221; custom_padding_tablet=&#8221;||||false|false&#8221; custom_padding_phone=&#8221;||||false|false&#8221; hover_enabled=&#8221;0&#8243; locked=&#8221;off&#8221; global_colors_info=&#8221;{}&#8221; theme_builder_area=&#8221;post_content&#8221; title_text=&#8221;Brigi&#038;Peti-58&#8243; sticky_enabled=&#8221;0&#8243;][et_pb_row custom_padding_last_edited=&#8221;on|phone&#8221; _builder_version=&#8221;4.27.0&#8243; _module_preset=&#8221;default&#8221; custom_padding_tablet=&#8221;&#8221; custom_padding_phone=&#8221;200px||200px||true|false&#8221; global_colors_info=&#8221;{}&#8221; theme_builder_area=&#8221;post_content&#8221;][et_pb_column type=&#8221;4_4&#8243; _builder_version=&#8221;4.16&#8243; _module_preset=&#8221;default&#8221; z_index=&#8221;10&#8243; global_colors_info=&#8221;{}&#8221; theme_builder_area=&#8221;post_content&#8221;][et_pb_text _builder_version=&#8221;4.27.2&#8243; _module_preset=&#8221;default&#8221; text_font=&#8221;S||||||||&#8221; text_text_color=&#8221;#baba82&#8243; text_font_size=&#8221;110px&#8221; text_line_height=&#8221;1em&#8221; text_orientation=&#8221;center&#8221; module_alignment=&#8221;center&#8221; custom_margin=&#8221;||-9px||false|false&#8221; custom_margin_tablet=&#8221;||-40px||false|false&#8221; custom_margin_phone=&#8221;||0px||false|false&#8221; custom_margin_last_edited=&#8221;on|tablet&#8221; text_font_size_tablet=&#8221;100px&#8221; text_font_size_phone=&#8221;70px&#8221; text_font_size_last_edited=&#8221;on|phone&#8221; locked=&#8221;off&#8221; global_colors_info=&#8221;{}&#8221; theme_builder_area=&#8221;post_content&#8221;]<p>Wedding<\/p>[\/et_pb_text][et_pb_text _builder_version=&#8221;4.27.2&#8243; _module_preset=&#8221;default&#8221; header_font=&#8221;ZtChablisMedium|||on|||||&#8221; header_text_align=&#8221;center&#8221; header_font_size=&#8221;75px&#8221; header_line_height=&#8221;1.3em&#8221; background_layout=&#8221;dark&#8221; max_width=&#8221;1080px&#8221; header_font_size_tablet=&#8221;40px&#8221; header_font_size_phone=&#8221;24px&#8221; header_font_size_last_edited=&#8221;on|phone&#8221; global_colors_info=&#8221;{}&#8221; theme_builder_area=&#8221;post_content&#8221;]<h1>Brigi &amp; Peti<\/h1>[\/et_pb_text][\/et_pb_column][\/et_pb_row][\/et_pb_section][et_pb_section fb_built=&#8221;1&#8243; admin_label=&#8221;Gallery&#8221; _builder_version=&#8221;4.16&#8243; _module_preset=&#8221;9010641b-ad1e-44da-b8b5-3908f7960e0d&#8221; global_colors_info=&#8221;{}&#8221; theme_builder_area=&#8221;post_content&#8221;][et_pb_row _builder_version=&#8221;4.27.2&#8243; _module_preset=&#8221;default&#8221; locked=&#8221;off&#8221; global_colors_info=&#8221;{}&#8221; theme_builder_area=&#8221;post_content&#8221;][et_pb_column type=&#8221;4_4&#8243; _builder_version=&#8221;4.27.2&#8243; _module_preset=&#8221;default&#8221; global_colors_info=&#8221;{}&#8221; theme_builder_area=&#8221;post_content&#8221;][et_pb_text _builder_version=&#8221;4.27.2&#8243; _module_preset=&#8221;default&#8221; text_line_height=&#8221;2em&#8221; header_font=&#8221;ZtChablisRegular||||||||&#8221; header_3_font=&#8221;ZtChablisRegular||||||||&#8221; header_3_text_color=&#8221;#000000&#8243; header_3_font_size=&#8221;28px&#8221; header_3_line_height=&#8221;1.6em&#8221; custom_margin=&#8221;||-2px|||&#8221; custom_padding=&#8221;||0px||false|false&#8221; text_font_size_tablet=&#8221;15px&#8221; text_font_size_phone=&#8221;14px&#8221; text_font_size_last_edited=&#8221;off|desktop&#8221; header_3_font_size_tablet=&#8221;18px&#8221; header_3_font_size_phone=&#8221;24px&#8221; header_3_font_size_last_edited=&#8221;on|phone&#8221; header_3_line_height_tablet=&#8221;&#8221; header_3_line_height_phone=&#8221;1.25em&#8221; header_3_line_height_last_edited=&#8221;on|phone&#8221; border_width_all=&#8221;0px&#8221; border_color_all=&#8221;rgba(0,0,0,0.12)&#8221; locked=&#8221;off&#8221; inline_fonts=&#8221;Aeonik-Light&#8221; global_colors_info=&#8221;{}&#8221; theme_builder_area=&#8221;post_content&#8221;]<h3 style=\"text-align: center;\"><span style=\"font-weight: 400;\">Kakucs, De\u00e1k Udvarh\u00e1z<\/span><\/h3>[\/et_pb_text][\/et_pb_column][\/et_pb_row][et_pb_row use_custom_gutter=&#8221;on&#8221; gutter_width=&#8221;2&#8243; module_class=&#8221;wpz-gallery-masonry&#8221; _builder_version=&#8221;4.27.0&#8243; _module_preset=&#8221;default&#8221; max_width=&#8221;2560px&#8221; custom_margin=&#8221;|auto|170px|auto||&#8221; global_colors_info=&#8221;{}&#8221; theme_builder_area=&#8221;post_content&#8221;][et_pb_column type=&#8221;4_4&#8243; _builder_version=&#8221;4.26.1&#8243; _module_preset=&#8221;default&#8221; global_colors_info=&#8221;{}&#8221; theme_builder_area=&#8221;post_content&#8221;][et_pb_gallery gallery_ids=&#8221;435,2243,2244,2245,2246,2247,2248,2259,2258,2257,2256,2255,2254,2253,2252,2251,2250,2241,2242,2499,2249,2261,2260,2267,2266,2265,2264,2263,2262,2268,2269,2270,2276,2271,2272,2277,2278,2275,2273,2274,2280,2279,2281,2282,2283,2284,2285,2286,2287,2288,2289,2290,2291,2292,2293,2294,2295,2296,2297,2298,2299,2300,2301,2302,2303,2304,2305,2306,2307,2308,2309,2310,2311,2312,2313,2314,2315,2316,2317,2318,2319,2320,2321,2322,2323,2324,2325,2326,2327,2328,2329,2330,2331,2332,2333,2334,2335,2336,2337,2338,2339,2340,2341,2342,2343,2344,2345,2346,2347,2348,2349,2350,2351,2352,2353,2354,2355,2356,2357,2358,2359,2360,2361,2362,2363,2364,2365,2366,2367,2368,2369,2370,2371,2372,2373,2374,2375,2376,2377,2378,2379,2380,2381,2382,2383,2384,2385,2386,2387,2388,2389,2390,2391,2392,2393,2394,2395,2396,2397,2398,2399,2400,2401,2402,2403,2404,2405,2406,2407,2408,2409,2410,2411,2412,2413,2414,2415,2416,2417,2418,2419,2420,2421,2422,2423,2424,2425,2426,2427,2428,2429,2430,2431,2432,2433,2434,2435,2436,2437,2438,2439,2440,2441,2442,2443,2444,2445,2446,2447,2448,2449,2450,2451,2452,2453,2454,2455,2456,2457,2458,2459,2460,2461,2462,2463,2464,2465,2466,2467,2468,2469,2470,2471,2472,2473,2474,2475,2476,2477,2478,2479,2480,2481,2482,2483,2484,2485,2486,2487,2488,2489,2490,2491,2492,2493,2494,2495,2496,2497,2498&#8243; posts_number=&#8221;300&#8243; orientation=&#8221;portrait&#8221; show_title_and_caption=&#8221;off&#8221; show_pagination=&#8221;off&#8221; zoom_icon_color=&#8221;RGBA(255,255,255,0)&#8221; hover_overlay_color=&#8221;RGBA(255,255,255,0)&#8221; module_class=&#8221;gal1&#8243; _builder_version=&#8221;4.27.2&#8243; _module_preset=&#8221;default&#8221; title_text_color=&#8221;RGBA(255,255,255,0)&#8221; custom_padding=&#8221;0px||0px||false|false&#8221; hover_enabled=&#8221;0&#8243; custom_css_main_element=&#8221;.mfp-title display: none !important;&#8221; custom_css_free_form=&#8221;\/* Alap\u00e9rtelmezett \u00e1llapot *\/||.custom-hover-effect .et_pb_gallery_item img {||  transition: transform 0.3s ease;||}||||\/* Hover \u00e1llapot *\/||.custom-hover-effect .et_pb_gallery_item:hover img {||  transform: scale(1.03);||}||||.mfp-title { ||  display: none !important; ||}||||\/* ||Masonry Gallery by WP Zone||https:\/\/wpzone.co\/wordpress-and-divi-code-snippets\/||*\/||||.wpz-gallery-masonry .et_pb_gallery .et_pb_gallery_items {||    column-count: 4; \/* number of columns for desktop *\/||  \tcolumn-gap: 20px;||}||||@media only screen and (max-width: 1200px) { ||.wpz-gallery-masonry .et_pb_gallery .et_pb_gallery_items { ||    column-count: 2;  \/* number of columns for tablet devices *\/||} ||} ||@media only screen and (max-width: 767px) {||  .wpz-gallery-masonry .et_pb_gallery .et_pb_gallery_items {||    column-count: 1;  \/* number of columns for mobile devices *\/||  }||}||||.wpz-gallery-masonry .et_pb_gallery .et_pb_gallery_items .et_pb_gallery_item {||    width: 100%;||    margin: 0px 0px 20px 0!important; \/* replace 10px to change row spacing *\/||    float: none!important; ||}&#8221; global_colors_info=&#8221;{}&#8221; theme_builder_area=&#8221;post_content&#8221; sticky_enabled=&#8221;0&#8243;][\/et_pb_gallery][\/et_pb_column][\/et_pb_row][\/et_pb_section]","protected":false},"excerpt":{"rendered":"<p>Esk\u00f6v\u00f4iBrigi &amp; PetiKakucs, De\u00e1k Udvarh\u00e1z<\/p>","protected":false},"author":2,"featured_media":0,"parent":0,"menu_order":0,"comment_status":"closed","ping_status":"closed","template":"","meta":{"_et_pb_use_builder":"on","_et_pb_old_content":"","_et_gb_content_width":"","iawp_total_views":112,"footnotes":""},"class_list":["post-2237","page","type-page","status-publish","hentry"],"yoast_head":"<!-- This site is optimized with the Yoast SEO plugin v23.8 - https:\/\/yoast.com\/wordpress\/plugins\/seo\/ -->\n<title>Brigi &amp; Peti - Blau Photo<\/title>\n<meta name=\"robots\" content=\"index, follow, max-snippet:-1, max-image-preview:large, max-video-preview:-1\" \/>\n<link rel=\"canonical\" href=\"https:\/\/blau-photo.com\/en\/brigi-peti\/\" \/>\n<meta property=\"og:locale\" content=\"en_GB\" \/>\n<meta property=\"og:type\" content=\"article\" \/>\n<meta property=\"og:title\" content=\"Brigi &amp; Peti - Blau Photo\" \/>\n<meta property=\"og:description\" content=\"Esk\u00f6v\u00f4iBrigi &amp; PetiKakucs, De\u00e1k Udvarh\u00e1z\" \/>\n<meta property=\"og:url\" content=\"https:\/\/blau-photo.com\/en\/brigi-peti\/\" \/>\n<meta property=\"og:site_name\" content=\"Blau Photo\" \/>\n<meta property=\"article:modified_time\" content=\"2025-01-07T16:41:51+00:00\" \/>\n<meta name=\"twitter:card\" content=\"summary_large_image\" \/>\n<meta name=\"twitter:label1\" content=\"Estimated reading time\" \/>\n\t<meta name=\"twitter:data1\" content=\"52 minutes\" \/>\n<script type=\"application\/ld+json\" class=\"yoast-schema-graph\">{\"@context\":\"https:\/\/schema.org\",\"@graph\":[{\"@type\":\"WebPage\",\"@id\":\"https:\/\/blau-photo.com\/brigi-peti\/\",\"url\":\"https:\/\/blau-photo.com\/brigi-peti\/\",\"name\":\"Brigi &amp; Peti - Blau Photo\",\"isPartOf\":{\"@id\":\"https:\/\/blau-photo.com\/#website\"},\"datePublished\":\"2025-01-07T16:00:50+00:00\",\"dateModified\":\"2025-01-07T16:41:51+00:00\",\"breadcrumb\":{\"@id\":\"https:\/\/blau-photo.com\/brigi-peti\/#breadcrumb\"},\"inLanguage\":\"en-GB\",\"potentialAction\":[{\"@type\":\"ReadAction\",\"target\":[\"https:\/\/blau-photo.com\/brigi-peti\/\"]}]},{\"@type\":\"BreadcrumbList\",\"@id\":\"https:\/\/blau-photo.com\/brigi-peti\/#breadcrumb\",\"itemListElement\":[{\"@type\":\"ListItem\",\"position\":1,\"name\":\"Kezd\u0151lap\",\"item\":\"https:\/\/blau-photo.com\/\"},{\"@type\":\"ListItem\",\"position\":2,\"name\":\"Brigi &amp; Peti\"}]},{\"@type\":\"WebSite\",\"@id\":\"https:\/\/blau-photo.com\/#website\",\"url\":\"https:\/\/blau-photo.com\/\",\"name\":\"Blau Photo\",\"description\":\"Esk\u00fcv\u0151i fot\u00f3z\u00e1s\",\"potentialAction\":[{\"@type\":\"SearchAction\",\"target\":{\"@type\":\"EntryPoint\",\"urlTemplate\":\"https:\/\/blau-photo.com\/?s={search_term_string}\"},\"query-input\":{\"@type\":\"PropertyValueSpecification\",\"valueRequired\":true,\"valueName\":\"search_term_string\"}}],\"inLanguage\":\"en-GB\"}]}<\/script>\n<!-- \/ Yoast SEO plugin. -->","yoast_head_json":{"title":"Brigi &amp; Peti - Blau Photo","robots":{"index":"index","follow":"follow","max-snippet":"max-snippet:-1","max-image-preview":"max-image-preview:large","max-video-preview":"max-video-preview:-1"},"canonical":"https:\/\/blau-photo.com\/en\/brigi-peti\/","og_locale":"en_GB","og_type":"article","og_title":"Brigi &amp; Peti - Blau Photo","og_description":"Esk\u00f6v\u00f4iBrigi &amp; PetiKakucs, De\u00e1k Udvarh\u00e1z","og_url":"https:\/\/blau-photo.com\/en\/brigi-peti\/","og_site_name":"Blau Photo","article_modified_time":"2025-01-07T16:41:51+00:00","twitter_card":"summary_large_image","twitter_misc":{"Estimated reading time":"52 minutes"},"schema":{"@context":"https:\/\/schema.org","@graph":[{"@type":"WebPage","@id":"https:\/\/blau-photo.com\/brigi-peti\/","url":"https:\/\/blau-photo.com\/brigi-peti\/","name":"Brigi &amp; Peti - Blau Photo","isPartOf":{"@id":"https:\/\/blau-photo.com\/#website"},"datePublished":"2025-01-07T16:00:50+00:00","dateModified":"2025-01-07T16:41:51+00:00","breadcrumb":{"@id":"https:\/\/blau-photo.com\/brigi-peti\/#breadcrumb"},"inLanguage":"en-GB","potentialAction":[{"@type":"ReadAction","target":["https:\/\/blau-photo.com\/brigi-peti\/"]}]},{"@type":"BreadcrumbList","@id":"https:\/\/blau-photo.com\/brigi-peti\/#breadcrumb","itemListElement":[{"@type":"ListItem","position":1,"name":"Kezd\u0151lap","item":"https:\/\/blau-photo.com\/"},{"@type":"ListItem","position":2,"name":"Brigi &amp; Peti"}]},{"@type":"WebSite","@id":"https:\/\/blau-photo.com\/#website","url":"https:\/\/blau-photo.com\/","name":"Blau Photo","description":"Esk\u00fcv\u0151i fot\u00f3z\u00e1s","potentialAction":[{"@type":"SearchAction","target":{"@type":"EntryPoint","urlTemplate":"https:\/\/blau-photo.com\/?s={search_term_string}"},"query-input":{"@type":"PropertyValueSpecification","valueRequired":true,"valueName":"search_term_string"}}],"inLanguage":"en-GB"}]}},"_links":{"self":[{"href":"https:\/\/blau-photo.com\/en\/wp-json\/wp\/v2\/pages\/2237","targetHints":{"allow":["GET"]}}],"collection":[{"href":"https:\/\/blau-photo.com\/en\/wp-json\/wp\/v2\/pages"}],"about":[{"href":"https:\/\/blau-photo.com\/en\/wp-json\/wp\/v2\/types\/page"}],"author":[{"embeddable":true,"href":"https:\/\/blau-photo.com\/en\/wp-json\/wp\/v2\/users\/2"}],"replies":[{"embeddable":true,"href":"https:\/\/blau-photo.com\/en\/wp-json\/wp\/v2\/comments?post=2237"}],"version-history":[{"count":5,"href":"https:\/\/blau-photo.com\/en\/wp-json\/wp\/v2\/pages\/2237\/revisions"}],"predecessor-version":[{"id":2503,"href":"https:\/\/blau-photo.com\/en\/wp-json\/wp\/v2\/pages\/2237\/revisions\/2503"}],"wp:attachment":[{"href":"https:\/\/blau-photo.com\/en\/wp-json\/wp\/v2\/media?parent=2237"}],"curies":[{"name":"wp","href":"https:\/\/api.w.org\/{rel}","templated":true}]}}