{"id":2880,"date":"2026-02-13T11:08:49","date_gmt":"2026-02-13T11:08:49","guid":{"rendered":"https:\/\/blau-photo.com\/?page_id=2880"},"modified":"2026-02-13T11:18:44","modified_gmt":"2026-02-13T11:18:44","slug":"amandavalentin","status":"publish","type":"page","link":"https:\/\/blau-photo.com\/en\/amandavalentin\/","title":{"rendered":"Amanda&amp;Valentin"},"content":{"rendered":"<p>[et_pb_section fb_built=&#8221;1&#8243; custom_padding_last_edited=&#8221;off|phone&#8221; admin_label=&#8221;Header&#8221; _builder_version=&#8221;4.27.2&#8243; _module_preset=&#8221;9010641b-ad1e-44da-b8b5-3908f7960e0d&#8221; use_background_color_gradient=&#8221;on&#8221; background_color_gradient_stops=&#8221;rgba(45,45,45,0.6) 0%|rgba(45,45,45,0.85) 100%&#8221; background_color_gradient_overlays_image=&#8221;on&#8221; background_color_gradient_start=&#8221;rgba(45,45,45,0.6)&#8221; background_color_gradient_end=&#8221;rgba(45,45,45,0.85)&#8221; background_image=&#8221;https:\/\/blau-photo.com\/wp-content\/uploads\/2026\/02\/Destinationwedding-Eskuvo-136.jpg&#8221; background_enable_image=&#8221;on&#8221; background_position=&#8221;top_center&#8221; background_vertical_offset=&#8221;21%&#8221; custom_padding=&#8221;10vw||10vw||true|false&#8221; custom_padding_tablet=&#8221;||||false|false&#8221; custom_padding_phone=&#8221;||||false|false&#8221; hover_enabled=&#8221;0&#8243; locked=&#8221;off&#8221; global_colors_info=&#8221;{}&#8221; theme_builder_area=&#8221;post_content&#8221; title_text=&#8221;Destinationwedding-Esk\u00fcv\u0151 (136)&#8221; sticky_enabled=&#8221;0&#8243;][et_pb_row custom_padding_last_edited=&#8221;on|phone&#8221; _builder_version=&#8221;4.27.0&#8243; _module_preset=&#8221;default&#8221; custom_padding_tablet=&#8221;&#8221; custom_padding_phone=&#8221;200px||200px||true|false&#8221; global_colors_info=&#8221;{}&#8221; theme_builder_area=&#8221;post_content&#8221;][et_pb_column type=&#8221;4_4&#8243; _builder_version=&#8221;4.16&#8243; _module_preset=&#8221;default&#8221; z_index=&#8221;10&#8243; global_colors_info=&#8221;{}&#8221; theme_builder_area=&#8221;post_content&#8221;][et_pb_text _builder_version=&#8221;4.27.2&#8243; _module_preset=&#8221;default&#8221; text_font=&#8221;S||||||||&#8221; text_text_color=&#8221;#baba82&#8243; text_font_size=&#8221;110px&#8221; text_line_height=&#8221;1em&#8221; text_orientation=&#8221;center&#8221; module_alignment=&#8221;center&#8221; custom_margin=&#8221;||-9px||false|false&#8221; custom_margin_tablet=&#8221;||-40px||false|false&#8221; custom_margin_phone=&#8221;||0px||false|false&#8221; custom_margin_last_edited=&#8221;on|tablet&#8221; text_font_size_tablet=&#8221;100px&#8221; text_font_size_phone=&#8221;70px&#8221; text_font_size_last_edited=&#8221;on|phone&#8221; locked=&#8221;off&#8221; global_colors_info=&#8221;{}&#8221; theme_builder_area=&#8221;post_content&#8221;]<\/p>\n<p>Wedding<\/p>\n<p>[\/et_pb_text][et_pb_text _builder_version=&#8221;4.27.2&#8243; _module_preset=&#8221;default&#8221; header_font=&#8221;ZtChablisMedium|||on|||||&#8221; header_text_align=&#8221;center&#8221; header_font_size=&#8221;75px&#8221; header_line_height=&#8221;1.3em&#8221; background_layout=&#8221;dark&#8221; max_width=&#8221;1080px&#8221; header_font_size_tablet=&#8221;40px&#8221; header_font_size_phone=&#8221;24px&#8221; header_font_size_last_edited=&#8221;on|phone&#8221; global_colors_info=&#8221;{}&#8221; theme_builder_area=&#8221;post_content&#8221;]<\/p>\n<h1>Amanda &amp; Valentin<\/h1>\n<p>[\/et_pb_text][\/et_pb_column][\/et_pb_row][\/et_pb_section][et_pb_section fb_built=&#8221;1&#8243; admin_label=&#8221;Gallery&#8221; _builder_version=&#8221;4.16&#8243; _module_preset=&#8221;9010641b-ad1e-44da-b8b5-3908f7960e0d&#8221; global_colors_info=&#8221;{}&#8221; theme_builder_area=&#8221;post_content&#8221;][et_pb_row _builder_version=&#8221;4.27.2&#8243; _module_preset=&#8221;default&#8221; locked=&#8221;off&#8221; global_colors_info=&#8221;{}&#8221; theme_builder_area=&#8221;post_content&#8221;][et_pb_column type=&#8221;4_4&#8243; _builder_version=&#8221;4.27.2&#8243; _module_preset=&#8221;default&#8221; global_colors_info=&#8221;{}&#8221; theme_builder_area=&#8221;post_content&#8221;][et_pb_text _builder_version=&#8221;4.27.2&#8243; _module_preset=&#8221;default&#8221; text_line_height=&#8221;2em&#8221; header_font=&#8221;ZtChablisRegular||||||||&#8221; header_3_font=&#8221;ZtChablisRegular||||||||&#8221; header_3_text_color=&#8221;#000000&#8243; header_3_font_size=&#8221;28px&#8221; header_3_line_height=&#8221;1.6em&#8221; custom_margin=&#8221;||-2px|||&#8221; custom_padding=&#8221;||0px||false|false&#8221; text_font_size_tablet=&#8221;15px&#8221; text_font_size_phone=&#8221;14px&#8221; text_font_size_last_edited=&#8221;off|desktop&#8221; header_3_font_size_tablet=&#8221;18px&#8221; header_3_font_size_phone=&#8221;24px&#8221; header_3_font_size_last_edited=&#8221;on|phone&#8221; header_3_line_height_tablet=&#8221;&#8221; header_3_line_height_phone=&#8221;1.25em&#8221; header_3_line_height_last_edited=&#8221;on|phone&#8221; border_width_all=&#8221;0px&#8221; border_color_all=&#8221;rgba(0,0,0,0.12)&#8221; locked=&#8221;off&#8221; inline_fonts=&#8221;Aeonik-Light&#8221; global_colors_info=&#8221;{}&#8221; theme_builder_area=&#8221;post_content&#8221;]<\/p>\n<h3 style=\"text-align: center;\"><span style=\"font-weight: 400;\">Ausztria, Gr\u00fcner See<\/span><\/h3>\n<p>[\/et_pb_text][\/et_pb_column][\/et_pb_row][et_pb_row use_custom_gutter=&#8221;on&#8221; gutter_width=&#8221;2&#8243; module_class=&#8221;wpz-gallery-masonry&#8221; _builder_version=&#8221;4.27.0&#8243; _module_preset=&#8221;default&#8221; max_width=&#8221;2560px&#8221; custom_margin=&#8221;|auto|170px|auto||&#8221; global_colors_info=&#8221;{}&#8221; theme_builder_area=&#8221;post_content&#8221;][et_pb_column type=&#8221;4_4&#8243; _builder_version=&#8221;4.26.1&#8243; _module_preset=&#8221;default&#8221; global_colors_info=&#8221;{}&#8221; theme_builder_area=&#8221;post_content&#8221;][et_pb_gallery gallery_ids=&#8221;435,2884,2885,2886,2887,2888,2889,2890,2891,2892,2893,2894,2895,2896,2897,2898,2899,2900,2901,2902,2903,2904,2905,2906,2907,2908,2909,2910,2911,2912,2878,2933,2913,2914,2915,2916,2917,2918,2919,2920,2921,2922,2923,2924,2925,2926,2927,2928,2929,2930,2931,2932&#8243; posts_number=&#8221;300&#8243; orientation=&#8221;portrait&#8221; show_title_and_caption=&#8221;off&#8221; show_pagination=&#8221;off&#8221; zoom_icon_color=&#8221;RGBA(255,255,255,0)&#8221; hover_overlay_color=&#8221;RGBA(255,255,255,0)&#8221; module_class=&#8221;gal1&#8243; _builder_version=&#8221;4.27.2&#8243; _module_preset=&#8221;default&#8221; title_text_color=&#8221;RGBA(255,255,255,0)&#8221; custom_padding=&#8221;0px||0px||false|false&#8221; hover_enabled=&#8221;0&#8243; custom_css_main_element=&#8221;.mfp-title display: none !important;&#8221; custom_css_free_form=&#8221;\/* Alap\u00e9rtelmezett \u00e1llapot *\/||.custom-hover-effect .et_pb_gallery_item img {||  transition: transform 0.3s ease;||}||||\/* Hover \u00e1llapot *\/||.custom-hover-effect .et_pb_gallery_item:hover img {||  transform: scale(1.03);||}||||.mfp-title { ||  display: none !important; ||}||||\/* ||Masonry Gallery by WP Zone||https:\/\/wpzone.co\/wordpress-and-divi-code-snippets\/||*\/||||.wpz-gallery-masonry .et_pb_gallery .et_pb_gallery_items {||    column-count: 4; \/* number of columns for desktop *\/||  \tcolumn-gap: 20px;||}||||@media only screen and (max-width: 1200px) { ||.wpz-gallery-masonry .et_pb_gallery .et_pb_gallery_items { ||    column-count: 2;  \/* number of columns for tablet devices *\/||} ||} ||@media only screen and (max-width: 767px) {||  .wpz-gallery-masonry .et_pb_gallery .et_pb_gallery_items {||    column-count: 1;  \/* number of columns for mobile devices *\/||  }||}||||.wpz-gallery-masonry .et_pb_gallery .et_pb_gallery_items .et_pb_gallery_item {||    width: 100%;||    margin: 0px 0px 20px 0!important; \/* replace 10px to change row spacing *\/||    float: none!important; ||}&#8221; global_colors_info=&#8221;{}&#8221; theme_builder_area=&#8221;post_content&#8221; sticky_enabled=&#8221;0&#8243;][\/et_pb_gallery][\/et_pb_column][\/et_pb_row][\/et_pb_section]<\/p>","protected":false},"excerpt":{"rendered":"<p>Esk\u00f6v\u00f4iAmanda &amp; ValentinAusztria, Gr\u00fcner See<\/p>","protected":false},"author":2,"featured_media":0,"parent":0,"menu_order":0,"comment_status":"closed","ping_status":"closed","template":"","meta":{"_et_pb_use_builder":"on","_et_pb_old_content":"","_et_gb_content_width":"","iawp_total_views":34,"footnotes":""},"class_list":["post-2880","page","type-page","status-publish","hentry"],"yoast_head":"<!-- This site is optimized with the Yoast SEO plugin v23.8 - https:\/\/yoast.com\/wordpress\/plugins\/seo\/ -->\n<title>Amanda&amp;Valentin - Blau Photo<\/title>\n<meta name=\"robots\" content=\"index, follow, max-snippet:-1, max-image-preview:large, max-video-preview:-1\" \/>\n<link rel=\"canonical\" href=\"https:\/\/blau-photo.com\/en\/amandavalentin\/\" \/>\n<meta property=\"og:locale\" content=\"en_GB\" \/>\n<meta property=\"og:type\" content=\"article\" \/>\n<meta property=\"og:title\" content=\"Amanda&amp;Valentin - Blau Photo\" \/>\n<meta property=\"og:description\" content=\"Esk\u00f6v\u00f4iAmanda &amp; ValentinAusztria, Gr\u00fcner See\" \/>\n<meta property=\"og:url\" content=\"https:\/\/blau-photo.com\/en\/amandavalentin\/\" \/>\n<meta property=\"og:site_name\" content=\"Blau Photo\" \/>\n<meta property=\"article:modified_time\" content=\"2026-02-13T11:18:44+00:00\" \/>\n<meta name=\"twitter:card\" content=\"summary_large_image\" \/>\n<script type=\"application\/ld+json\" class=\"yoast-schema-graph\">{\"@context\":\"https:\/\/schema.org\",\"@graph\":[{\"@type\":\"WebPage\",\"@id\":\"https:\/\/blau-photo.com\/amandavalentin\/\",\"url\":\"https:\/\/blau-photo.com\/amandavalentin\/\",\"name\":\"Amanda&amp;Valentin - Blau Photo\",\"isPartOf\":{\"@id\":\"https:\/\/blau-photo.com\/#website\"},\"datePublished\":\"2026-02-13T11:08:49+00:00\",\"dateModified\":\"2026-02-13T11:18:44+00:00\",\"breadcrumb\":{\"@id\":\"https:\/\/blau-photo.com\/amandavalentin\/#breadcrumb\"},\"inLanguage\":\"en-GB\",\"potentialAction\":[{\"@type\":\"ReadAction\",\"target\":[\"https:\/\/blau-photo.com\/amandavalentin\/\"]}]},{\"@type\":\"BreadcrumbList\",\"@id\":\"https:\/\/blau-photo.com\/amandavalentin\/#breadcrumb\",\"itemListElement\":[{\"@type\":\"ListItem\",\"position\":1,\"name\":\"Kezd\u0151lap\",\"item\":\"https:\/\/blau-photo.com\/\"},{\"@type\":\"ListItem\",\"position\":2,\"name\":\"Amanda&amp;Valentin\"}]},{\"@type\":\"WebSite\",\"@id\":\"https:\/\/blau-photo.com\/#website\",\"url\":\"https:\/\/blau-photo.com\/\",\"name\":\"Blau Photo\",\"description\":\"Esk\u00fcv\u0151i fot\u00f3z\u00e1s\",\"potentialAction\":[{\"@type\":\"SearchAction\",\"target\":{\"@type\":\"EntryPoint\",\"urlTemplate\":\"https:\/\/blau-photo.com\/?s={search_term_string}\"},\"query-input\":{\"@type\":\"PropertyValueSpecification\",\"valueRequired\":true,\"valueName\":\"search_term_string\"}}],\"inLanguage\":\"en-GB\"}]}<\/script>\n<!-- \/ Yoast SEO plugin. -->","yoast_head_json":{"title":"Amanda&amp;Valentin - Blau Photo","robots":{"index":"index","follow":"follow","max-snippet":"max-snippet:-1","max-image-preview":"max-image-preview:large","max-video-preview":"max-video-preview:-1"},"canonical":"https:\/\/blau-photo.com\/en\/amandavalentin\/","og_locale":"en_GB","og_type":"article","og_title":"Amanda&amp;Valentin - Blau Photo","og_description":"Esk\u00f6v\u00f4iAmanda &amp; ValentinAusztria, Gr\u00fcner See","og_url":"https:\/\/blau-photo.com\/en\/amandavalentin\/","og_site_name":"Blau Photo","article_modified_time":"2026-02-13T11:18:44+00:00","twitter_card":"summary_large_image","schema":{"@context":"https:\/\/schema.org","@graph":[{"@type":"WebPage","@id":"https:\/\/blau-photo.com\/amandavalentin\/","url":"https:\/\/blau-photo.com\/amandavalentin\/","name":"Amanda&amp;Valentin - Blau Photo","isPartOf":{"@id":"https:\/\/blau-photo.com\/#website"},"datePublished":"2026-02-13T11:08:49+00:00","dateModified":"2026-02-13T11:18:44+00:00","breadcrumb":{"@id":"https:\/\/blau-photo.com\/amandavalentin\/#breadcrumb"},"inLanguage":"en-GB","potentialAction":[{"@type":"ReadAction","target":["https:\/\/blau-photo.com\/amandavalentin\/"]}]},{"@type":"BreadcrumbList","@id":"https:\/\/blau-photo.com\/amandavalentin\/#breadcrumb","itemListElement":[{"@type":"ListItem","position":1,"name":"Kezd\u0151lap","item":"https:\/\/blau-photo.com\/"},{"@type":"ListItem","position":2,"name":"Amanda&amp;Valentin"}]},{"@type":"WebSite","@id":"https:\/\/blau-photo.com\/#website","url":"https:\/\/blau-photo.com\/","name":"Blau Photo","description":"Esk\u00fcv\u0151i fot\u00f3z\u00e1s","potentialAction":[{"@type":"SearchAction","target":{"@type":"EntryPoint","urlTemplate":"https:\/\/blau-photo.com\/?s={search_term_string}"},"query-input":{"@type":"PropertyValueSpecification","valueRequired":true,"valueName":"search_term_string"}}],"inLanguage":"en-GB"}]}},"_links":{"self":[{"href":"https:\/\/blau-photo.com\/en\/wp-json\/wp\/v2\/pages\/2880","targetHints":{"allow":["GET"]}}],"collection":[{"href":"https:\/\/blau-photo.com\/en\/wp-json\/wp\/v2\/pages"}],"about":[{"href":"https:\/\/blau-photo.com\/en\/wp-json\/wp\/v2\/types\/page"}],"author":[{"embeddable":true,"href":"https:\/\/blau-photo.com\/en\/wp-json\/wp\/v2\/users\/2"}],"replies":[{"embeddable":true,"href":"https:\/\/blau-photo.com\/en\/wp-json\/wp\/v2\/comments?post=2880"}],"version-history":[{"count":3,"href":"https:\/\/blau-photo.com\/en\/wp-json\/wp\/v2\/pages\/2880\/revisions"}],"predecessor-version":[{"id":2934,"href":"https:\/\/blau-photo.com\/en\/wp-json\/wp\/v2\/pages\/2880\/revisions\/2934"}],"wp:attachment":[{"href":"https:\/\/blau-photo.com\/en\/wp-json\/wp\/v2\/media?parent=2880"}],"curies":[{"name":"wp","href":"https:\/\/api.w.org\/{rel}","templated":true}]}}